{"id":666,"date":"2014-09-23T11:34:38","date_gmt":"2014-09-23T08:34:38","guid":{"rendered":"http:\/\/oeseltubs.ee\/kontakt-2\/"},"modified":"2017-12-03T12:18:16","modified_gmt":"2017-12-03T10:18:16","slug":"contact","status":"publish","type":"page","link":"https:\/\/oeseltubs.ee\/en\/contact\/","title":{"rendered":"Contact &#8211; Tel 56 862 962"},"content":{"rendered":"<p>\u00d6sel Tubs O\u00dc<br \/>\nTel 56 862 962<br \/>\nRegistry code 12807245<br \/>\nVAT EE101792165<br \/>\nRehe, Lahek\u00fcla<br \/>\nL\u00e4\u00e4ne-Saare vald<br \/>\n93873 Saaremaa<\/p>\n<p><a href=\"mailto:info@oeseltubs.ee\">info@oeseltubs.ee<\/a><\/p>\n<p><a href=\"http:\/\/oeseltubs.ee\/wp-content\/uploads\/2014\/08\/logo.jpg\"><img loading=\"lazy\" decoding=\"async\" class=\"alignnone size-full wp-image-74\" src=\"http:\/\/oeseltubs.ee\/wp-content\/uploads\/2014\/08\/logo.jpg\" alt=\"\u00d6sel Tubs\" width=\"120\" height=\"120\" srcset=\"https:\/\/oeseltubs.ee\/wp-content\/uploads\/2014\/08\/logo.jpg 120w, https:\/\/oeseltubs.ee\/wp-content\/uploads\/2014\/08\/logo-90x90.jpg 90w\" sizes=\"(max-width: 120px) 100vw, 120px\" \/><\/a><\/p>\n","protected":false},"excerpt":{"rendered":"<p>\u00d6sel Tubs O\u00dc Tel 56 862 962 Registry code 12807245 VAT EE101792165 Rehe, Lahek\u00fcla L\u00e4\u00e4ne-Saare vald 93873 Saaremaa info@oeseltubs.ee<\/p>\n","protected":false},"author":2,"featured_media":0,"parent":0,"menu_order":0,"comment_status":"closed","ping_status":"closed","template":"","meta":{"_acf_changed":false,"footnotes":""},"class_list":["post-666","page","type-page","status-publish","hentry"],"acf":[],"yoast_head":"<!-- This site is optimized with the Yoast SEO plugin v23.4 - https:\/\/yoast.com\/wordpress\/plugins\/seo\/ -->\n<title>Contact - Tel 56 862 962 - \u00d6sel Tubs<\/title>\n<meta name=\"robots\" content=\"index, follow, max-snippet:-1, max-image-preview:large, max-video-preview:-1\" \/>\n<link rel=\"canonical\" href=\"https:\/\/oeseltubs.ee\/en\/contact\/\" \/>\n<meta property=\"og:locale\" content=\"en_US\" \/>\n<meta property=\"og:type\" content=\"article\" \/>\n<meta property=\"og:title\" content=\"Contact - Tel 56 862 962 - \u00d6sel Tubs\" \/>\n<meta property=\"og:description\" content=\"\u00d6sel Tubs O\u00dc Tel 56 862 962 Registry code 12807245 VAT EE101792165 Rehe, Lahek\u00fcla L\u00e4\u00e4ne-Saare vald 93873 Saaremaa info@oeseltubs.ee\" \/>\n<meta property=\"og:url\" content=\"https:\/\/oeseltubs.ee\/en\/contact\/\" \/>\n<meta property=\"og:site_name\" content=\"\u00d6sel Tubs\" \/>\n<meta property=\"article:modified_time\" content=\"2017-12-03T10:18:16+00:00\" \/>\n<meta property=\"og:image\" content=\"http:\/\/oeseltubs.ee\/wp-content\/uploads\/2014\/08\/logo.jpg\" \/>\n<script type=\"application\/ld+json\" class=\"yoast-schema-graph\">{\"@context\":\"https:\/\/schema.org\",\"@graph\":[{\"@type\":\"WebPage\",\"@id\":\"https:\/\/oeseltubs.ee\/en\/contact\/\",\"url\":\"https:\/\/oeseltubs.ee\/en\/contact\/\",\"name\":\"Contact - Tel 56 862 962 - \u00d6sel Tubs\",\"isPartOf\":{\"@id\":\"https:\/\/oeseltubs.ee\/en\/#website\"},\"primaryImageOfPage\":{\"@id\":\"https:\/\/oeseltubs.ee\/en\/contact\/#primaryimage\"},\"image\":{\"@id\":\"https:\/\/oeseltubs.ee\/en\/contact\/#primaryimage\"},\"thumbnailUrl\":\"http:\/\/oeseltubs.ee\/wp-content\/uploads\/2014\/08\/logo.jpg\",\"datePublished\":\"2014-09-23T08:34:38+00:00\",\"dateModified\":\"2017-12-03T10:18:16+00:00\",\"breadcrumb\":{\"@id\":\"https:\/\/oeseltubs.ee\/en\/contact\/#breadcrumb\"},\"inLanguage\":\"en-US\",\"potentialAction\":[{\"@type\":\"ReadAction\",\"target\":[\"https:\/\/oeseltubs.ee\/en\/contact\/\"]}]},{\"@type\":\"ImageObject\",\"inLanguage\":\"en-US\",\"@id\":\"https:\/\/oeseltubs.ee\/en\/contact\/#primaryimage\",\"url\":\"http:\/\/oeseltubs.ee\/wp-content\/uploads\/2014\/08\/logo.jpg\",\"contentUrl\":\"http:\/\/oeseltubs.ee\/wp-content\/uploads\/2014\/08\/logo.jpg\"},{\"@type\":\"BreadcrumbList\",\"@id\":\"https:\/\/oeseltubs.ee\/en\/contact\/#breadcrumb\",\"itemListElement\":[{\"@type\":\"ListItem\",\"position\":1,\"name\":\"Home\",\"item\":\"https:\/\/oeseltubs.ee\/en\/\"},{\"@type\":\"ListItem\",\"position\":2,\"name\":\"Contact &#8211; Tel 56 862 962\"}]},{\"@type\":\"WebSite\",\"@id\":\"https:\/\/oeseltubs.ee\/en\/#website\",\"url\":\"https:\/\/oeseltubs.ee\/en\/\",\"name\":\"\u00d6sel Tubs\",\"description\":\"\",\"potentialAction\":[{\"@type\":\"SearchAction\",\"target\":{\"@type\":\"EntryPoint\",\"urlTemplate\":\"https:\/\/oeseltubs.ee\/en\/?s={search_term_string}\"},\"query-input\":{\"@type\":\"PropertyValueSpecification\",\"valueRequired\":true,\"valueName\":\"search_term_string\"}}],\"inLanguage\":\"en-US\"}]}<\/script>\n<!-- \/ Yoast SEO plugin. -->","yoast_head_json":{"title":"Contact - Tel 56 862 962 - \u00d6sel Tubs","robots":{"index":"index","follow":"follow","max-snippet":"max-snippet:-1","max-image-preview":"max-image-preview:large","max-video-preview":"max-video-preview:-1"},"canonical":"https:\/\/oeseltubs.ee\/en\/contact\/","og_locale":"en_US","og_type":"article","og_title":"Contact - Tel 56 862 962 - \u00d6sel Tubs","og_description":"\u00d6sel Tubs O\u00dc Tel 56 862 962 Registry code 12807245 VAT EE101792165 Rehe, Lahek\u00fcla L\u00e4\u00e4ne-Saare vald 93873 Saaremaa info@oeseltubs.ee","og_url":"https:\/\/oeseltubs.ee\/en\/contact\/","og_site_name":"\u00d6sel Tubs","article_modified_time":"2017-12-03T10:18:16+00:00","og_image":[{"url":"http:\/\/oeseltubs.ee\/wp-content\/uploads\/2014\/08\/logo.jpg"}],"schema":{"@context":"https:\/\/schema.org","@graph":[{"@type":"WebPage","@id":"https:\/\/oeseltubs.ee\/en\/contact\/","url":"https:\/\/oeseltubs.ee\/en\/contact\/","name":"Contact - Tel 56 862 962 - \u00d6sel Tubs","isPartOf":{"@id":"https:\/\/oeseltubs.ee\/en\/#website"},"primaryImageOfPage":{"@id":"https:\/\/oeseltubs.ee\/en\/contact\/#primaryimage"},"image":{"@id":"https:\/\/oeseltubs.ee\/en\/contact\/#primaryimage"},"thumbnailUrl":"http:\/\/oeseltubs.ee\/wp-content\/uploads\/2014\/08\/logo.jpg","datePublished":"2014-09-23T08:34:38+00:00","dateModified":"2017-12-03T10:18:16+00:00","breadcrumb":{"@id":"https:\/\/oeseltubs.ee\/en\/contact\/#breadcrumb"},"inLanguage":"en-US","potentialAction":[{"@type":"ReadAction","target":["https:\/\/oeseltubs.ee\/en\/contact\/"]}]},{"@type":"ImageObject","inLanguage":"en-US","@id":"https:\/\/oeseltubs.ee\/en\/contact\/#primaryimage","url":"http:\/\/oeseltubs.ee\/wp-content\/uploads\/2014\/08\/logo.jpg","contentUrl":"http:\/\/oeseltubs.ee\/wp-content\/uploads\/2014\/08\/logo.jpg"},{"@type":"BreadcrumbList","@id":"https:\/\/oeseltubs.ee\/en\/contact\/#breadcrumb","itemListElement":[{"@type":"ListItem","position":1,"name":"Home","item":"https:\/\/oeseltubs.ee\/en\/"},{"@type":"ListItem","position":2,"name":"Contact &#8211; Tel 56 862 962"}]},{"@type":"WebSite","@id":"https:\/\/oeseltubs.ee\/en\/#website","url":"https:\/\/oeseltubs.ee\/en\/","name":"\u00d6sel Tubs","description":"","potentialAction":[{"@type":"SearchAction","target":{"@type":"EntryPoint","urlTemplate":"https:\/\/oeseltubs.ee\/en\/?s={search_term_string}"},"query-input":{"@type":"PropertyValueSpecification","valueRequired":true,"valueName":"search_term_string"}}],"inLanguage":"en-US"}]}},"_links":{"self":[{"href":"https:\/\/oeseltubs.ee\/en\/wp-json\/wp\/v2\/pages\/666"}],"collection":[{"href":"https:\/\/oeseltubs.ee\/en\/wp-json\/wp\/v2\/pages"}],"about":[{"href":"https:\/\/oeseltubs.ee\/en\/wp-json\/wp\/v2\/types\/page"}],"author":[{"embeddable":true,"href":"https:\/\/oeseltubs.ee\/en\/wp-json\/wp\/v2\/users\/2"}],"replies":[{"embeddable":true,"href":"https:\/\/oeseltubs.ee\/en\/wp-json\/wp\/v2\/comments?post=666"}],"version-history":[{"count":5,"href":"https:\/\/oeseltubs.ee\/en\/wp-json\/wp\/v2\/pages\/666\/revisions"}],"predecessor-version":[{"id":1122,"href":"https:\/\/oeseltubs.ee\/en\/wp-json\/wp\/v2\/pages\/666\/revisions\/1122"}],"wp:attachment":[{"href":"https:\/\/oeseltubs.ee\/en\/wp-json\/wp\/v2\/media?parent=666"}],"curies":[{"name":"wp","href":"https:\/\/api.w.org\/{rel}","templated":true}]}}