{"id":9,"date":"2014-08-15T16:29:51","date_gmt":"2014-08-15T13:29:51","guid":{"rendered":"http:\/\/oeseltubs.ee\/?post_type=product&#038;p=9"},"modified":"2020-01-27T10:27:23","modified_gmt":"2020-01-27T08:27:23","slug":"dago","status":"publish","type":"product","link":"https:\/\/oeseltubs.ee\/en\/product\/dago\/","title":{"rendered":"Dag\u00f6"},"content":{"rendered":"<p>The hot tub &#8220;Dag\u00f6&#8221; is a perfect combination of both natural and modern, high quality, durable materials.<\/p>\n<p>The main part of the hot tub is produced using the technology of the exclusive yachts&#8217; and motorboats&#8217; manufacturing.<\/p>\n<p>Glassfiber is a material resistant to the external environment, and easy to maintain. Thus the hot tub is specially designed for usage all year round.<\/p>\n<p>The water is warmed up by the internal stove, which is made of marine aluminium.<\/p>\n<p>The seat of the hot tub is positioned low enough to avoid the risk of colds during cooler weather. Additionally it has an ergonomic design for the comfort and safety of the user.<\/p>\n<p>If desired, the location of the hot tub may be easily changed by moving it to a suitable place.<\/p>\n","protected":false},"excerpt":{"rendered":"<p>The hot tub &#8220;Dag\u00f6&#8221; is a perfect combination of both natural and modern, high quality, durable materials. The main part of the hot tub is produced using the technology of the exclusive yachts&#8217; and motorboats&#8217; manufacturing. Glassfiber is a material resistant to the external environment, and easy to maintain. Thus the hot tub is specially [&hellip;]<\/p>\n","protected":false},"featured_media":404,"comment_status":"closed","ping_status":"closed","template":"","meta":{"_acf_changed":false},"product_cat":[13],"product_tag":[],"class_list":{"0":"post-9","1":"product","2":"type-product","3":"status-publish","4":"has-post-thumbnail","6":"product_cat-tubs","8":"first","9":"instock","10":"shipping-taxable","11":"purchasable","12":"product-type-simple"},"acf":[],"yoast_head":"<!-- This site is optimized with the Yoast SEO plugin v23.4 - https:\/\/yoast.com\/wordpress\/plugins\/seo\/ -->\n<title>Dag\u00f6 - \u00d6sel Tubs<\/title>\n<meta name=\"robots\" content=\"index, follow, max-snippet:-1, max-image-preview:large, max-video-preview:-1\" \/>\n<link rel=\"canonical\" href=\"https:\/\/oeseltubs.ee\/toode\/dago\/\" \/>\n<meta property=\"og:locale\" content=\"en_US\" \/>\n<meta property=\"og:type\" content=\"article\" \/>\n<meta property=\"og:title\" content=\"Dag\u00f6 - \u00d6sel Tubs\" \/>\n<meta property=\"og:description\" content=\"The hot tub &#8220;Dag\u00f6&#8221; is a perfect combination of both natural and modern, high quality, durable materials. The main part of the hot tub is produced using the technology of the exclusive yachts&#8217; and motorboats&#8217; manufacturing. Glassfiber is a material resistant to the external environment, and easy to maintain. Thus the hot tub is specially [&hellip;]\" \/>\n<meta property=\"og:url\" content=\"https:\/\/oeseltubs.ee\/toode\/dago\/\" \/>\n<meta property=\"og:site_name\" content=\"\u00d6sel Tubs\" \/>\n<meta property=\"article:modified_time\" content=\"2020-01-27T08:27:23+00:00\" \/>\n<meta property=\"og:image\" content=\"https:\/\/oeseltubs.ee\/wp-content\/uploads\/2014\/08\/dago51.jpg\" \/>\n\t<meta property=\"og:image:width\" content=\"2737\" \/>\n\t<meta property=\"og:image:height\" content=\"2737\" \/>\n\t<meta property=\"og:image:type\" content=\"image\/jpeg\" \/>\n<meta name=\"twitter:label1\" content=\"Est. reading time\" \/>\n\t<meta name=\"twitter:data1\" content=\"1 minute\" \/>\n<script type=\"application\/ld+json\" class=\"yoast-schema-graph\">{\"@context\":\"https:\/\/schema.org\",\"@graph\":[{\"@type\":\"WebPage\",\"@id\":\"https:\/\/oeseltubs.ee\/toode\/dago\/\",\"url\":\"https:\/\/oeseltubs.ee\/toode\/dago\/\",\"name\":\"Dag\u00f6 - \u00d6sel Tubs\",\"isPartOf\":{\"@id\":\"https:\/\/oeseltubs.ee\/en\/#website\"},\"primaryImageOfPage\":{\"@id\":\"https:\/\/oeseltubs.ee\/toode\/dago\/#primaryimage\"},\"image\":{\"@id\":\"https:\/\/oeseltubs.ee\/toode\/dago\/#primaryimage\"},\"thumbnailUrl\":\"https:\/\/oeseltubs.ee\/wp-content\/uploads\/2014\/08\/dago51.jpg\",\"datePublished\":\"2014-08-15T13:29:51+00:00\",\"dateModified\":\"2020-01-27T08:27:23+00:00\",\"breadcrumb\":{\"@id\":\"https:\/\/oeseltubs.ee\/toode\/dago\/#breadcrumb\"},\"inLanguage\":\"en-US\",\"potentialAction\":[{\"@type\":\"ReadAction\",\"target\":[\"https:\/\/oeseltubs.ee\/toode\/dago\/\"]}]},{\"@type\":\"ImageObject\",\"inLanguage\":\"en-US\",\"@id\":\"https:\/\/oeseltubs.ee\/toode\/dago\/#primaryimage\",\"url\":\"https:\/\/oeseltubs.ee\/wp-content\/uploads\/2014\/08\/dago51.jpg\",\"contentUrl\":\"https:\/\/oeseltubs.ee\/wp-content\/uploads\/2014\/08\/dago51.jpg\",\"width\":2737,\"height\":2737},{\"@type\":\"BreadcrumbList\",\"@id\":\"https:\/\/oeseltubs.ee\/toode\/dago\/#breadcrumb\",\"itemListElement\":[{\"@type\":\"ListItem\",\"position\":1,\"name\":\"Home\",\"item\":\"https:\/\/oeseltubs.ee\/en\/\"},{\"@type\":\"ListItem\",\"position\":2,\"name\":\"Products\",\"item\":\"https:\/\/oeseltubs.ee\/en\/products\/\"},{\"@type\":\"ListItem\",\"position\":3,\"name\":\"Dag\u00f6\"}]},{\"@type\":\"WebSite\",\"@id\":\"https:\/\/oeseltubs.ee\/en\/#website\",\"url\":\"https:\/\/oeseltubs.ee\/en\/\",\"name\":\"\u00d6sel Tubs\",\"description\":\"\",\"potentialAction\":[{\"@type\":\"SearchAction\",\"target\":{\"@type\":\"EntryPoint\",\"urlTemplate\":\"https:\/\/oeseltubs.ee\/en\/?s={search_term_string}\"},\"query-input\":{\"@type\":\"PropertyValueSpecification\",\"valueRequired\":true,\"valueName\":\"search_term_string\"}}],\"inLanguage\":\"en-US\"}]}<\/script>\n<!-- \/ Yoast SEO plugin. -->","yoast_head_json":{"title":"Dag\u00f6 - \u00d6sel Tubs","robots":{"index":"index","follow":"follow","max-snippet":"max-snippet:-1","max-image-preview":"max-image-preview:large","max-video-preview":"max-video-preview:-1"},"canonical":"https:\/\/oeseltubs.ee\/toode\/dago\/","og_locale":"en_US","og_type":"article","og_title":"Dag\u00f6 - \u00d6sel Tubs","og_description":"The hot tub &#8220;Dag\u00f6&#8221; is a perfect combination of both natural and modern, high quality, durable materials. The main part of the hot tub is produced using the technology of the exclusive yachts&#8217; and motorboats&#8217; manufacturing. Glassfiber is a material resistant to the external environment, and easy to maintain. Thus the hot tub is specially [&hellip;]","og_url":"https:\/\/oeseltubs.ee\/toode\/dago\/","og_site_name":"\u00d6sel Tubs","article_modified_time":"2020-01-27T08:27:23+00:00","og_image":[{"width":2737,"height":2737,"url":"https:\/\/oeseltubs.ee\/wp-content\/uploads\/2014\/08\/dago51.jpg","type":"image\/jpeg"}],"twitter_misc":{"Est. reading time":"1 minute"},"schema":{"@context":"https:\/\/schema.org","@graph":[{"@type":"WebPage","@id":"https:\/\/oeseltubs.ee\/toode\/dago\/","url":"https:\/\/oeseltubs.ee\/toode\/dago\/","name":"Dag\u00f6 - \u00d6sel Tubs","isPartOf":{"@id":"https:\/\/oeseltubs.ee\/en\/#website"},"primaryImageOfPage":{"@id":"https:\/\/oeseltubs.ee\/toode\/dago\/#primaryimage"},"image":{"@id":"https:\/\/oeseltubs.ee\/toode\/dago\/#primaryimage"},"thumbnailUrl":"https:\/\/oeseltubs.ee\/wp-content\/uploads\/2014\/08\/dago51.jpg","datePublished":"2014-08-15T13:29:51+00:00","dateModified":"2020-01-27T08:27:23+00:00","breadcrumb":{"@id":"https:\/\/oeseltubs.ee\/toode\/dago\/#breadcrumb"},"inLanguage":"en-US","potentialAction":[{"@type":"ReadAction","target":["https:\/\/oeseltubs.ee\/toode\/dago\/"]}]},{"@type":"ImageObject","inLanguage":"en-US","@id":"https:\/\/oeseltubs.ee\/toode\/dago\/#primaryimage","url":"https:\/\/oeseltubs.ee\/wp-content\/uploads\/2014\/08\/dago51.jpg","contentUrl":"https:\/\/oeseltubs.ee\/wp-content\/uploads\/2014\/08\/dago51.jpg","width":2737,"height":2737},{"@type":"BreadcrumbList","@id":"https:\/\/oeseltubs.ee\/toode\/dago\/#breadcrumb","itemListElement":[{"@type":"ListItem","position":1,"name":"Home","item":"https:\/\/oeseltubs.ee\/en\/"},{"@type":"ListItem","position":2,"name":"Products","item":"https:\/\/oeseltubs.ee\/en\/products\/"},{"@type":"ListItem","position":3,"name":"Dag\u00f6"}]},{"@type":"WebSite","@id":"https:\/\/oeseltubs.ee\/en\/#website","url":"https:\/\/oeseltubs.ee\/en\/","name":"\u00d6sel Tubs","description":"","potentialAction":[{"@type":"SearchAction","target":{"@type":"EntryPoint","urlTemplate":"https:\/\/oeseltubs.ee\/en\/?s={search_term_string}"},"query-input":{"@type":"PropertyValueSpecification","valueRequired":true,"valueName":"search_term_string"}}],"inLanguage":"en-US"}]}},"_links":{"self":[{"href":"https:\/\/oeseltubs.ee\/en\/wp-json\/wp\/v2\/product\/9"}],"collection":[{"href":"https:\/\/oeseltubs.ee\/en\/wp-json\/wp\/v2\/product"}],"about":[{"href":"https:\/\/oeseltubs.ee\/en\/wp-json\/wp\/v2\/types\/product"}],"replies":[{"embeddable":true,"href":"https:\/\/oeseltubs.ee\/en\/wp-json\/wp\/v2\/comments?post=9"}],"wp:featuredmedia":[{"embeddable":true,"href":"https:\/\/oeseltubs.ee\/en\/wp-json\/wp\/v2\/media\/404"}],"wp:attachment":[{"href":"https:\/\/oeseltubs.ee\/en\/wp-json\/wp\/v2\/media?parent=9"}],"wp:term":[{"taxonomy":"product_cat","embeddable":true,"href":"https:\/\/oeseltubs.ee\/en\/wp-json\/wp\/v2\/product_cat?post=9"},{"taxonomy":"product_tag","embeddable":true,"href":"https:\/\/oeseltubs.ee\/en\/wp-json\/wp\/v2\/product_tag?post=9"}],"curies":[{"name":"wp","href":"https:\/\/api.w.org\/{rel}","templated":true}]}}