{"id":667,"date":"2014-09-23T11:34:38","date_gmt":"2014-09-23T08:34:38","guid":{"rendered":"http:\/\/oeseltubs.ee\/kontakt-2\/"},"modified":"2017-12-03T12:20:11","modified_gmt":"2017-12-03T10:20:11","slug":"kontakt","status":"publish","type":"page","link":"https:\/\/oeseltubs.ee\/ru\/kontakt\/","title":{"rendered":"\u041a\u043e\u043d\u0442\u0430\u043a\u0442 &#8212; \u0422\u0435\u043b 56 862 962"},"content":{"rendered":"<p>\u00d6sel Tubs O\u00dc<br \/>\nTel 56 862 962<br \/>\n\u041a\u043e\u0434 \u043f\u0440\u0435\u0434\u043f\u0440\u0438\u044f\u0442\u0438\u044f 12807245<br \/>\n\u0420\u0435\u0445\u0435, \u041b\u0430\u0445\u0435\u043a\u044e\u043b\u0430<br \/>\n\u041b\u044f\u044d\u043d\u044d-\u0421\u0430\u0430\u0440\u044d \u0432\u043e\u043b\u043e\u0441\u0442\u044c<br \/>\n93873 o. \u0421\u0430\u0430\u0440\u0435\u043c\u0430\u0430,\u00a0\u042d\u0441\u0442\u043e\u043d\u0438\u044f<\/p>\n<p><a href=\"mailto:info@oeseltubs.ee\">info@oeseltubs.ee<\/a><\/p>\n<p><a href=\"http:\/\/oeseltubs.ee\/wp-content\/uploads\/2014\/08\/logo.jpg\"><img loading=\"lazy\" decoding=\"async\" class=\"alignnone size-full wp-image-533\" src=\"http:\/\/oeseltubs.ee\/wp-content\/uploads\/2014\/08\/logo.jpg\" alt=\"\u00d6sel Tubs\" width=\"120\" height=\"120\" srcset=\"https:\/\/oeseltubs.ee\/wp-content\/uploads\/2014\/08\/logo.jpg 120w, https:\/\/oeseltubs.ee\/wp-content\/uploads\/2014\/08\/logo-90x90.jpg 90w\" sizes=\"(max-width: 120px) 100vw, 120px\" \/><\/a><\/p>\n","protected":false},"excerpt":{"rendered":"<p>\u00d6sel Tubs O\u00dc Tel 56 862 962 \u041a\u043e\u0434 \u043f\u0440\u0435\u0434\u043f\u0440\u0438\u044f\u0442\u0438\u044f 12807245 \u0420\u0435\u0445\u0435, \u041b\u0430\u0445\u0435\u043a\u044e\u043b\u0430 \u041b\u044f\u044d\u043d\u044d-\u0421\u0430\u0430\u0440\u044d \u0432\u043e\u043b\u043e\u0441\u0442\u044c 93873 o. \u0421\u0430\u0430\u0440\u0435\u043c\u0430\u0430,\u00a0\u042d\u0441\u0442\u043e\u043d\u0438\u044f info@oeseltubs.ee<\/p>\n","protected":false},"author":2,"featured_media":0,"parent":0,"menu_order":0,"comment_status":"closed","ping_status":"closed","template":"","meta":{"_acf_changed":false,"footnotes":""},"class_list":["post-667","page","type-page","status-publish","hentry"],"acf":[],"yoast_head":"<!-- This site is optimized with the Yoast SEO plugin v23.4 - https:\/\/yoast.com\/wordpress\/plugins\/seo\/ -->\n<title>\u041a\u043e\u043d\u0442\u0430\u043a\u0442 - \u0422\u0435\u043b 56 862 962 - \u00d6sel Tubs<\/title>\n<meta name=\"robots\" content=\"index, follow, max-snippet:-1, max-image-preview:large, max-video-preview:-1\" \/>\n<link rel=\"canonical\" href=\"https:\/\/oeseltubs.ee\/ru\/kontakt\/\" \/>\n<meta property=\"og:locale\" content=\"ru_RU\" \/>\n<meta property=\"og:type\" content=\"article\" \/>\n<meta property=\"og:title\" content=\"\u041a\u043e\u043d\u0442\u0430\u043a\u0442 - \u0422\u0435\u043b 56 862 962 - \u00d6sel Tubs\" \/>\n<meta property=\"og:description\" content=\"\u00d6sel Tubs O\u00dc Tel 56 862 962 \u041a\u043e\u0434 \u043f\u0440\u0435\u0434\u043f\u0440\u0438\u044f\u0442\u0438\u044f 12807245 \u0420\u0435\u0445\u0435, \u041b\u0430\u0445\u0435\u043a\u044e\u043b\u0430 \u041b\u044f\u044d\u043d\u044d-\u0421\u0430\u0430\u0440\u044d \u0432\u043e\u043b\u043e\u0441\u0442\u044c 93873 o. \u0421\u0430\u0430\u0440\u0435\u043c\u0430\u0430,\u00a0\u042d\u0441\u0442\u043e\u043d\u0438\u044f info@oeseltubs.ee\" \/>\n<meta property=\"og:url\" content=\"https:\/\/oeseltubs.ee\/ru\/kontakt\/\" \/>\n<meta property=\"og:site_name\" content=\"\u00d6sel Tubs\" \/>\n<meta property=\"article:modified_time\" content=\"2017-12-03T10:20:11+00:00\" \/>\n<meta property=\"og:image\" content=\"http:\/\/oeseltubs.ee\/wp-content\/uploads\/2014\/08\/logo.jpg\" \/>\n<script type=\"application\/ld+json\" class=\"yoast-schema-graph\">{\"@context\":\"https:\/\/schema.org\",\"@graph\":[{\"@type\":\"WebPage\",\"@id\":\"https:\/\/oeseltubs.ee\/ru\/kontakt\/\",\"url\":\"https:\/\/oeseltubs.ee\/ru\/kontakt\/\",\"name\":\"\u041a\u043e\u043d\u0442\u0430\u043a\u0442 - \u0422\u0435\u043b 56 862 962 - \u00d6sel Tubs\",\"isPartOf\":{\"@id\":\"https:\/\/oeseltubs.ee\/en\/#website\"},\"primaryImageOfPage\":{\"@id\":\"https:\/\/oeseltubs.ee\/ru\/kontakt\/#primaryimage\"},\"image\":{\"@id\":\"https:\/\/oeseltubs.ee\/ru\/kontakt\/#primaryimage\"},\"thumbnailUrl\":\"http:\/\/oeseltubs.ee\/wp-content\/uploads\/2014\/08\/logo.jpg\",\"datePublished\":\"2014-09-23T08:34:38+00:00\",\"dateModified\":\"2017-12-03T10:20:11+00:00\",\"breadcrumb\":{\"@id\":\"https:\/\/oeseltubs.ee\/ru\/kontakt\/#breadcrumb\"},\"inLanguage\":\"ru-RU\",\"potentialAction\":[{\"@type\":\"ReadAction\",\"target\":[\"https:\/\/oeseltubs.ee\/ru\/kontakt\/\"]}]},{\"@type\":\"ImageObject\",\"inLanguage\":\"ru-RU\",\"@id\":\"https:\/\/oeseltubs.ee\/ru\/kontakt\/#primaryimage\",\"url\":\"http:\/\/oeseltubs.ee\/wp-content\/uploads\/2014\/08\/logo.jpg\",\"contentUrl\":\"http:\/\/oeseltubs.ee\/wp-content\/uploads\/2014\/08\/logo.jpg\"},{\"@type\":\"BreadcrumbList\",\"@id\":\"https:\/\/oeseltubs.ee\/ru\/kontakt\/#breadcrumb\",\"itemListElement\":[{\"@type\":\"ListItem\",\"position\":1,\"name\":\"Home\",\"item\":\"https:\/\/oeseltubs.ee\/ru\/\"},{\"@type\":\"ListItem\",\"position\":2,\"name\":\"\u041a\u043e\u043d\u0442\u0430\u043a\u0442 &#8212; \u0422\u0435\u043b 56 862 962\"}]},{\"@type\":\"WebSite\",\"@id\":\"https:\/\/oeseltubs.ee\/en\/#website\",\"url\":\"https:\/\/oeseltubs.ee\/en\/\",\"name\":\"\u00d6sel Tubs\",\"description\":\"\",\"potentialAction\":[{\"@type\":\"SearchAction\",\"target\":{\"@type\":\"EntryPoint\",\"urlTemplate\":\"https:\/\/oeseltubs.ee\/en\/?s={search_term_string}\"},\"query-input\":{\"@type\":\"PropertyValueSpecification\",\"valueRequired\":true,\"valueName\":\"search_term_string\"}}],\"inLanguage\":\"ru-RU\"}]}<\/script>\n<!-- \/ Yoast SEO plugin. -->","yoast_head_json":{"title":"\u041a\u043e\u043d\u0442\u0430\u043a\u0442 - \u0422\u0435\u043b 56 862 962 - \u00d6sel Tubs","robots":{"index":"index","follow":"follow","max-snippet":"max-snippet:-1","max-image-preview":"max-image-preview:large","max-video-preview":"max-video-preview:-1"},"canonical":"https:\/\/oeseltubs.ee\/ru\/kontakt\/","og_locale":"ru_RU","og_type":"article","og_title":"\u041a\u043e\u043d\u0442\u0430\u043a\u0442 - \u0422\u0435\u043b 56 862 962 - \u00d6sel Tubs","og_description":"\u00d6sel Tubs O\u00dc Tel 56 862 962 \u041a\u043e\u0434 \u043f\u0440\u0435\u0434\u043f\u0440\u0438\u044f\u0442\u0438\u044f 12807245 \u0420\u0435\u0445\u0435, \u041b\u0430\u0445\u0435\u043a\u044e\u043b\u0430 \u041b\u044f\u044d\u043d\u044d-\u0421\u0430\u0430\u0440\u044d \u0432\u043e\u043b\u043e\u0441\u0442\u044c 93873 o. \u0421\u0430\u0430\u0440\u0435\u043c\u0430\u0430,\u00a0\u042d\u0441\u0442\u043e\u043d\u0438\u044f info@oeseltubs.ee","og_url":"https:\/\/oeseltubs.ee\/ru\/kontakt\/","og_site_name":"\u00d6sel Tubs","article_modified_time":"2017-12-03T10:20:11+00:00","og_image":[{"url":"http:\/\/oeseltubs.ee\/wp-content\/uploads\/2014\/08\/logo.jpg"}],"schema":{"@context":"https:\/\/schema.org","@graph":[{"@type":"WebPage","@id":"https:\/\/oeseltubs.ee\/ru\/kontakt\/","url":"https:\/\/oeseltubs.ee\/ru\/kontakt\/","name":"\u041a\u043e\u043d\u0442\u0430\u043a\u0442 - \u0422\u0435\u043b 56 862 962 - \u00d6sel Tubs","isPartOf":{"@id":"https:\/\/oeseltubs.ee\/en\/#website"},"primaryImageOfPage":{"@id":"https:\/\/oeseltubs.ee\/ru\/kontakt\/#primaryimage"},"image":{"@id":"https:\/\/oeseltubs.ee\/ru\/kontakt\/#primaryimage"},"thumbnailUrl":"http:\/\/oeseltubs.ee\/wp-content\/uploads\/2014\/08\/logo.jpg","datePublished":"2014-09-23T08:34:38+00:00","dateModified":"2017-12-03T10:20:11+00:00","breadcrumb":{"@id":"https:\/\/oeseltubs.ee\/ru\/kontakt\/#breadcrumb"},"inLanguage":"ru-RU","potentialAction":[{"@type":"ReadAction","target":["https:\/\/oeseltubs.ee\/ru\/kontakt\/"]}]},{"@type":"ImageObject","inLanguage":"ru-RU","@id":"https:\/\/oeseltubs.ee\/ru\/kontakt\/#primaryimage","url":"http:\/\/oeseltubs.ee\/wp-content\/uploads\/2014\/08\/logo.jpg","contentUrl":"http:\/\/oeseltubs.ee\/wp-content\/uploads\/2014\/08\/logo.jpg"},{"@type":"BreadcrumbList","@id":"https:\/\/oeseltubs.ee\/ru\/kontakt\/#breadcrumb","itemListElement":[{"@type":"ListItem","position":1,"name":"Home","item":"https:\/\/oeseltubs.ee\/ru\/"},{"@type":"ListItem","position":2,"name":"\u041a\u043e\u043d\u0442\u0430\u043a\u0442 &#8212; \u0422\u0435\u043b 56 862 962"}]},{"@type":"WebSite","@id":"https:\/\/oeseltubs.ee\/en\/#website","url":"https:\/\/oeseltubs.ee\/en\/","name":"\u00d6sel Tubs","description":"","potentialAction":[{"@type":"SearchAction","target":{"@type":"EntryPoint","urlTemplate":"https:\/\/oeseltubs.ee\/en\/?s={search_term_string}"},"query-input":{"@type":"PropertyValueSpecification","valueRequired":true,"valueName":"search_term_string"}}],"inLanguage":"ru-RU"}]}},"_links":{"self":[{"href":"https:\/\/oeseltubs.ee\/ru\/wp-json\/wp\/v2\/pages\/667"}],"collection":[{"href":"https:\/\/oeseltubs.ee\/ru\/wp-json\/wp\/v2\/pages"}],"about":[{"href":"https:\/\/oeseltubs.ee\/ru\/wp-json\/wp\/v2\/types\/page"}],"author":[{"embeddable":true,"href":"https:\/\/oeseltubs.ee\/ru\/wp-json\/wp\/v2\/users\/2"}],"replies":[{"embeddable":true,"href":"https:\/\/oeseltubs.ee\/ru\/wp-json\/wp\/v2\/comments?post=667"}],"version-history":[{"count":5,"href":"https:\/\/oeseltubs.ee\/ru\/wp-json\/wp\/v2\/pages\/667\/revisions"}],"predecessor-version":[{"id":1123,"href":"https:\/\/oeseltubs.ee\/ru\/wp-json\/wp\/v2\/pages\/667\/revisions\/1123"}],"wp:attachment":[{"href":"https:\/\/oeseltubs.ee\/ru\/wp-json\/wp\/v2\/media?parent=667"}],"curies":[{"name":"wp","href":"https:\/\/api.w.org\/{rel}","templated":true}]}}